{"id":4037,"date":"2025-09-23T12:58:47","date_gmt":"2025-09-23T10:58:47","guid":{"rendered":"https:\/\/www.decassan.de\/imprint\/"},"modified":"2026-04-13T14:44:23","modified_gmt":"2026-04-13T12:44:23","slug":"imprint","status":"publish","type":"page","link":"https:\/\/www.decassan.de\/en\/imprint\/","title":{"rendered":"Imprint"},"content":{"rendered":"\t\t<div data-elementor-type=\"wp-page\" data-elementor-id=\"4037\" class=\"elementor elementor-4037 elementor-2029\" data-elementor-post-type=\"page\">\n\t\t\t\t<div class=\"elementor-element elementor-element-d6d3e3d e-con-full e-flex e-con e-parent\" data-id=\"d6d3e3d\" data-element_type=\"container\" data-e-type=\"container\">\n\t\t<div class=\"elementor-element elementor-element-9ed03c6 e-con-full e-flex e-con e-child\" data-id=\"9ed03c6\" data-element_type=\"container\" data-e-type=\"container\">\n\t\t\t\t<div class=\"elementor-element elementor-element-8a54338 elementor-widget elementor-widget-heading\" data-id=\"8a54338\" data-element_type=\"widget\" data-e-type=\"widget\" data-widget_type=\"heading.default\">\n\t\t\t\t\t<h2 class=\"elementor-heading-title elementor-size-default\"><b>  Imprint  <\/b><\/h2>\t\t\t\t<\/div>\n\t\t\t\t<div class=\"elementor-element elementor-element-f3d701c elementor-widget elementor-widget-text-editor\" data-id=\"f3d701c\" data-element_type=\"widget\" data-e-type=\"widget\" data-widget_type=\"text-editor.default\">\n\t\t\t\t\t\t\t\t\t<p>de Cassan Orthodontics BAG<br>Karmarschstra\u00dfe 44<br>30159 Hanover<\/p><p><strong>Represented by:<\/strong><br>Dr. Michael de Cassan<br>FZA Kristof de Cassan<\/p><h2>Contact us<\/h2><p>Phone: +49 511 326942<br>Fax: +49 511 326941<br>E-mail: praxis@decassan.de<\/p><h2>Supervisory authority<\/h2><p>Hannover Region<br>Hildesheimer Stra\u00dfe 4-6<br>30169 Hannover<\/p><p><a href=\"https:\/\/www.hannover.de\/\" target=\"_blank\" rel=\"noopener noreferrer\">https:\/\/www.hannover.de\/<\/a><\/p><h2>Job title and professional regulations<\/h2><p>Professional title:<br>Specialist dentist for orthodontics<\/p><p>Responsible chamber:<br>Zahn\u00e4rztekammer Niedersachsen<br>Zei\u00dfstra\u00dfe 11a<br>30519 Hannover<\/p><p>Awarded in:<br>Germany<\/p><p>The following professional regulations apply:<\/p><p>Professional Code of Conduct of the Dental Association of Lower Saxony<br>available at: <a href=\"http:\/\/zkn.de\/Berufsordnung.pdf\" target=\"_blank\" rel=\"noopener noreferrer\">http:\/\/zkn.de\/Berufsordnung.pdf<\/a><\/p><h2>Information on professional liability insurance<\/h2><p><strong>Name and registered office of the insurer:<\/strong><br>VGH Versicherung<br>Schiffgraben 4<br>30159 Hannover<\/p><p><strong>Area of validity of the insurance:<\/strong><br>Practices in Hanover and Gro\u00dfburgwedel<\/p><h2>Consumer dispute resolution\/universal arbitration board<\/h2><p>We are not willing or obliged to participate in dispute resolution proceedings before a consumer arbitration board.<\/p><h2>Logo &amp; Webdesign<\/h2><p>Second Universe SU GmbH, <a href=\"http:\/\/www.second-universe.de\/\" target=\"_blank\" rel=\"noopener\">www.second-universe.de<\/a><\/p><h2>Picture credits<\/h2><p>Team &amp; practice photos: <br>\u00a9 Kappler &#8211; The Solutions Company<br><a href=\"https:\/\/www.decassan.de\/jugendliche-diagnostik-und-behandlungsplan\/\">Children &amp; teenagers<\/a>:<br>\u00a9 Syda Productions \/ stock.adobe.com,<br>\u00a9 Drobot Dean \/ stock.adobe.com<br><a href=\"https:\/\/www.decassan.de\/erwachsene-der-behandlungsablauf\/\">Adults<\/a>:<br>\u00a9 Ivan \/ stock.adobe.com,<br>\u00a9 WHstudio Leushin N \/ stock.adobe.com<br><a href=\"https:\/\/www.decassan.de\/en\/treatment-methods\/\">Treatment methods<\/a>:<br>\u00a9 kegfire \/ stock.adobe.com<br><a href=\"https:\/\/www.decassan.de\/leistungsspektrum\/digitale-kieferorthopaedie\/\">Digital orthodontics<\/a>:<br>\u00a9 3Shape A\/S<br><a href=\"https:\/\/www.decassan.de\/leistungsspektrum\/invisalign\/\">Invisalign<\/a>:<br>\u00a9 vladim_ka \/ stock.adobe.com,<br>\u00a9 \u041c\u0438\u0445\u0430\u0438\u043b \u0420\u0435\u0448\u0435\u0442\u043d\u0438\u043a\u043e\u0432 \/ stock.adobe.com<br><a href=\"https:\/\/www.decassan.de\/en\/treatment-methods\/lingual-brackets\/\">Lingual brackets<\/a>:<br>\u00a9 sarymsakov.com \/ stock.adobe.com,<br>\u00a9 Cookie Studio \/ stock.adobe.com<br><a href=\"https:\/\/www.decassan.de\/leistungsspektrum\/festsitzende-zahnspange\/\">Fixed braces<\/a>:<br>\u00a9 Pixel-Shot \/ stock.adobe.com,<br>\u00a9 Krakenimages.com \/ stock.adobe.com<br><a href=\"https:\/\/www.decassan.de\/en\/treatment-methods\/removable-braces\/\">Removable braces<\/a>:<br>\u00a9 Freedom Life \/ stock.adobe.com,<br>\u00a9 Gecko Studio \/ stock.adobe.com<br><a href=\"https:\/\/www.decassan.de\/leistungsspektrum\/zahnkorrektur-mit-beneslider-und-miniimplantaten\/\">Tooth correction with Beneslider and mini implants<\/a>:<br>\u00a9 Cookie Studio \/ stock.adobe.com<br><a href=\"https:\/\/www.decassan.de\/leistungsspektrum\/retentionsphase\/\">Retention phase<\/a>:<br>\u00a9 Alex Mit \/ stock.adobe.com,<br>\u00a9 NOTE OMG \/ stock.adobe.com<\/p>\t\t\t\t\t\t\t\t<\/div>\n\t\t\t\t<\/div>\n\t\t\t\t<\/div>\n\t\t\t\t<\/div>\n\t\t","protected":false},"excerpt":{"rendered":"<p>Imprint de Cassan Orthodontics BAGKarmarschstra\u00dfe 4430159 Hanover Represented by:Dr. Michael de CassanFZA Kristof de Cassan Contact us Phone: +49 511 326942Fax: +49 511 326941E-mail: praxis@decassan.de Supervisory authority Hannover RegionHildesheimer Stra\u00dfe 4-630169 Hannover https:\/\/www.hannover.de\/ Job title and professional regulations Professional title:Specialist dentist for orthodontics Responsible chamber:Zahn\u00e4rztekammer NiedersachsenZei\u00dfstra\u00dfe 11a30519 Hannover Awarded in:Germany The following professional regulations apply: [&hellip;]<\/p>\n","protected":false},"author":1,"featured_media":0,"parent":0,"menu_order":0,"comment_status":"closed","ping_status":"closed","template":"","meta":{"_acf_changed":false,"footnotes":""},"class_list":["post-4037","page","type-page","status-publish","hentry"],"acf":[],"_links":{"self":[{"href":"https:\/\/www.decassan.de\/en\/wp-json\/wp\/v2\/pages\/4037","targetHints":{"allow":["GET"]}}],"collection":[{"href":"https:\/\/www.decassan.de\/en\/wp-json\/wp\/v2\/pages"}],"about":[{"href":"https:\/\/www.decassan.de\/en\/wp-json\/wp\/v2\/types\/page"}],"author":[{"embeddable":true,"href":"https:\/\/www.decassan.de\/en\/wp-json\/wp\/v2\/users\/1"}],"replies":[{"embeddable":true,"href":"https:\/\/www.decassan.de\/en\/wp-json\/wp\/v2\/comments?post=4037"}],"version-history":[{"count":5,"href":"https:\/\/www.decassan.de\/en\/wp-json\/wp\/v2\/pages\/4037\/revisions"}],"predecessor-version":[{"id":4254,"href":"https:\/\/www.decassan.de\/en\/wp-json\/wp\/v2\/pages\/4037\/revisions\/4254"}],"wp:attachment":[{"href":"https:\/\/www.decassan.de\/en\/wp-json\/wp\/v2\/media?parent=4037"}],"curies":[{"name":"wp","href":"https:\/\/api.w.org\/{rel}","templated":true}]}}